{"id":2225,"date":"2025-07-09T11:22:20","date_gmt":"2025-07-09T11:22:20","guid":{"rendered":"https:\/\/mbfi.bio\/chl\/product\/x-treem-n\/"},"modified":"2025-08-26T21:47:06","modified_gmt":"2025-08-26T21:47:06","slug":"x-treem-n","status":"publish","type":"product","link":"https:\/\/mbfi.bio\/chl\/producto\/x-treem-n\/?lang=es","title":{"rendered":"X-Treem N"},"content":{"rendered":"","protected":false},"excerpt":{"rendered":"<p>Fertilizante l\u00edquido que proporciona nitr\u00f3geno y magnesio para apoyar la producci\u00f3n de clorofila, el metabolismo de las plantas y el crecimiento de cultivos de alto rendimiento. Tecnolog\u00eda de liberaci\u00f3n lenta y una tasa de blanqueamiento entre N\/S para un metabolismo \u00f3ptimo<\/p>\n","protected":false},"featured_media":2392,"template":"","meta":{"_acf_changed":false},"product_brand":[],"product_cat":[86],"product_tag":[],"class_list":{"0":"post-2225","1":"product","2":"type-product","3":"status-publish","4":"has-post-thumbnail","6":"product_cat-nutricion-de-rendimiento","7":"crop-berries","8":"crop-cereals","9":"crop-grapes","10":"crop-pulses","11":"crop-vegetables","13":"first","14":"instock","15":"shipping-taxable","16":"product-type-simple"},"acf":[],"_links":{"self":[{"href":"https:\/\/mbfi.bio\/chl\/wp-json\/wp\/v2\/product\/2225","targetHints":{"allow":["GET"]}}],"collection":[{"href":"https:\/\/mbfi.bio\/chl\/wp-json\/wp\/v2\/product"}],"about":[{"href":"https:\/\/mbfi.bio\/chl\/wp-json\/wp\/v2\/types\/product"}],"wp:featuredmedia":[{"embeddable":true,"href":"https:\/\/mbfi.bio\/chl\/wp-json\/wp\/v2\/media\/2392"}],"wp:attachment":[{"href":"https:\/\/mbfi.bio\/chl\/wp-json\/wp\/v2\/media?parent=2225"}],"wp:term":[{"taxonomy":"product_brand","embeddable":true,"href":"https:\/\/mbfi.bio\/chl\/wp-json\/wp\/v2\/product_brand?post=2225"},{"taxonomy":"product_cat","embeddable":true,"href":"https:\/\/mbfi.bio\/chl\/wp-json\/wp\/v2\/product_cat?post=2225"},{"taxonomy":"product_tag","embeddable":true,"href":"https:\/\/mbfi.bio\/chl\/wp-json\/wp\/v2\/product_tag?post=2225"}],"curies":[{"name":"wp","href":"https:\/\/api.w.org\/{rel}","templated":true}]}}