{"id":2223,"date":"2025-07-09T11:33:14","date_gmt":"2025-07-09T11:33:14","guid":{"rendered":"https:\/\/mbfi.bio\/chl\/product\/senal\/"},"modified":"2025-08-26T21:46:20","modified_gmt":"2025-08-26T21:46:20","slug":"senal","status":"publish","type":"product","link":"https:\/\/mbfi.bio\/chl\/producto\/senal\/?lang=es","title":{"rendered":"Signal"},"content":{"rendered":"","protected":false},"excerpt":{"rendered":"<p>Fertilizante l\u00edquido avanzado con cobre, manganeso, zinc y \u00e1cido salic\u00edlico para fortalecer la defensa, la nutrici\u00f3n y la productividad de las plantas.<\/p>\n","protected":false},"featured_media":2385,"template":"","meta":{"_acf_changed":false},"product_brand":[],"product_cat":[87],"product_tag":[],"class_list":{"0":"post-2223","1":"product","2":"type-product","3":"status-publish","4":"has-post-thumbnail","6":"product_cat-bioestimulantes","7":"crop-berries","8":"crop-cereals","9":"crop-corn","10":"crop-cotton","11":"crop-forages","12":"crop-pome-stone-fruit","13":"crop-rice","14":"crop-turf-es","15":"crop-vegetables","17":"first","18":"instock","19":"shipping-taxable","20":"product-type-simple"},"acf":[],"_links":{"self":[{"href":"https:\/\/mbfi.bio\/chl\/wp-json\/wp\/v2\/product\/2223","targetHints":{"allow":["GET"]}}],"collection":[{"href":"https:\/\/mbfi.bio\/chl\/wp-json\/wp\/v2\/product"}],"about":[{"href":"https:\/\/mbfi.bio\/chl\/wp-json\/wp\/v2\/types\/product"}],"wp:featuredmedia":[{"embeddable":true,"href":"https:\/\/mbfi.bio\/chl\/wp-json\/wp\/v2\/media\/2385"}],"wp:attachment":[{"href":"https:\/\/mbfi.bio\/chl\/wp-json\/wp\/v2\/media?parent=2223"}],"wp:term":[{"taxonomy":"product_brand","embeddable":true,"href":"https:\/\/mbfi.bio\/chl\/wp-json\/wp\/v2\/product_brand?post=2223"},{"taxonomy":"product_cat","embeddable":true,"href":"https:\/\/mbfi.bio\/chl\/wp-json\/wp\/v2\/product_cat?post=2223"},{"taxonomy":"product_tag","embeddable":true,"href":"https:\/\/mbfi.bio\/chl\/wp-json\/wp\/v2\/product_tag?post=2223"}],"curies":[{"name":"wp","href":"https:\/\/api.w.org\/{rel}","templated":true}]}}