{"id":2220,"date":"2025-07-09T11:42:43","date_gmt":"2025-07-09T11:42:43","guid":{"rendered":"https:\/\/mbfi.bio\/chl\/product\/bio-finalista-mob\/"},"modified":"2026-01-21T14:01:05","modified_gmt":"2026-01-21T14:01:05","slug":"bio-finalist-mob","status":"publish","type":"product","link":"https:\/\/mbfi.bio\/chl\/producto\/bio-finalist-mob\/?lang=es","title":{"rendered":"Bio-Finalista MoB"},"content":{"rendered":"","protected":false},"excerpt":{"rendered":"<p>Bioestimulante foliar que combina nitr\u00f3geno, boro, zinc y molibdeno, dise\u00f1ado para mejorar el movimiento del az\u00facar, la fuerza reproductiva y el llenado del grano.<\/p>\n","protected":false},"featured_media":2377,"template":"","meta":{"_acf_changed":false},"product_brand":[],"product_cat":[87],"product_tag":[],"class_list":{"0":"post-2220","1":"product","2":"type-product","3":"status-publish","4":"has-post-thumbnail","6":"product_cat-bioestimulantes","7":"crop-cereals","8":"crop-corn","9":"crop-grapes","10":"crop-rice","11":"crop-turf-es","12":"crop-vegetables","14":"first","15":"instock","16":"shipping-taxable","17":"product-type-simple"},"acf":[],"_links":{"self":[{"href":"https:\/\/mbfi.bio\/chl\/wp-json\/wp\/v2\/product\/2220","targetHints":{"allow":["GET"]}}],"collection":[{"href":"https:\/\/mbfi.bio\/chl\/wp-json\/wp\/v2\/product"}],"about":[{"href":"https:\/\/mbfi.bio\/chl\/wp-json\/wp\/v2\/types\/product"}],"wp:featuredmedia":[{"embeddable":true,"href":"https:\/\/mbfi.bio\/chl\/wp-json\/wp\/v2\/media\/2377"}],"wp:attachment":[{"href":"https:\/\/mbfi.bio\/chl\/wp-json\/wp\/v2\/media?parent=2220"}],"wp:term":[{"taxonomy":"product_brand","embeddable":true,"href":"https:\/\/mbfi.bio\/chl\/wp-json\/wp\/v2\/product_brand?post=2220"},{"taxonomy":"product_cat","embeddable":true,"href":"https:\/\/mbfi.bio\/chl\/wp-json\/wp\/v2\/product_cat?post=2220"},{"taxonomy":"product_tag","embeddable":true,"href":"https:\/\/mbfi.bio\/chl\/wp-json\/wp\/v2\/product_tag?post=2220"}],"curies":[{"name":"wp","href":"https:\/\/api.w.org\/{rel}","templated":true}]}}