{"id":2216,"date":"2025-07-09T11:24:45","date_gmt":"2025-07-09T11:24:45","guid":{"rendered":"https:\/\/mbfi.bio\/chl\/product\/x-treem-cab\/"},"modified":"2025-08-26T21:46:49","modified_gmt":"2025-08-26T21:46:49","slug":"x-treem-cab","status":"publish","type":"product","link":"https:\/\/mbfi.bio\/chl\/producto\/x-treem-cab\/?lang=es","title":{"rendered":"X-Treem CaB"},"content":{"rendered":"","protected":false},"excerpt":{"rendered":"<p>Fertilizante de calcio quelado con amino\u00e1cidos y boro biol\u00f3gicamente aislado dise\u00f1ado para mejorar la absorci\u00f3n de nutrientes, la calidad de la fruta y la resistencia de los cultivos.<\/p>\n","protected":false},"featured_media":2390,"template":"","meta":{"_acf_changed":false},"product_brand":[],"product_cat":[86],"product_tag":[],"class_list":{"0":"post-2216","1":"product","2":"type-product","3":"status-publish","4":"has-post-thumbnail","6":"product_cat-nutricion-de-rendimiento","7":"crop-cereals","8":"crop-pome-stone-fruit","9":"crop-pulses","10":"crop-vegetables","12":"first","13":"instock","14":"shipping-taxable","15":"product-type-simple"},"acf":[],"_links":{"self":[{"href":"https:\/\/mbfi.bio\/chl\/wp-json\/wp\/v2\/product\/2216","targetHints":{"allow":["GET"]}}],"collection":[{"href":"https:\/\/mbfi.bio\/chl\/wp-json\/wp\/v2\/product"}],"about":[{"href":"https:\/\/mbfi.bio\/chl\/wp-json\/wp\/v2\/types\/product"}],"wp:featuredmedia":[{"embeddable":true,"href":"https:\/\/mbfi.bio\/chl\/wp-json\/wp\/v2\/media\/2390"}],"wp:attachment":[{"href":"https:\/\/mbfi.bio\/chl\/wp-json\/wp\/v2\/media?parent=2216"}],"wp:term":[{"taxonomy":"product_brand","embeddable":true,"href":"https:\/\/mbfi.bio\/chl\/wp-json\/wp\/v2\/product_brand?post=2216"},{"taxonomy":"product_cat","embeddable":true,"href":"https:\/\/mbfi.bio\/chl\/wp-json\/wp\/v2\/product_cat?post=2216"},{"taxonomy":"product_tag","embeddable":true,"href":"https:\/\/mbfi.bio\/chl\/wp-json\/wp\/v2\/product_tag?post=2216"}],"curies":[{"name":"wp","href":"https:\/\/api.w.org\/{rel}","templated":true}]}}