{"id":2215,"date":"2025-07-09T11:19:12","date_gmt":"2025-07-09T11:19:12","guid":{"rendered":"https:\/\/mbfi.bio\/chl\/product\/x-treem-mg\/"},"modified":"2025-08-26T21:47:13","modified_gmt":"2025-08-26T21:47:13","slug":"x-treem-mg","status":"publish","type":"product","link":"https:\/\/mbfi.bio\/chl\/producto\/x-treem-mg\/?lang=es","title":{"rendered":"X-Treem Mg"},"content":{"rendered":"<p>Canola, Cereales, C\u00edtricos, Ma\u00edz, Uvas, Plantas ornamentales, Cacahuetes, Frutas de pepita\/hueso, Patatas, Legumbres, Arroz, Soja, Frutos secos, Frutas de \u00e1rbol\/huerto, C\u00e9sped, Hortalizas<\/p>\n","protected":false},"excerpt":{"rendered":"<p>Fertilizante foliar l\u00edquido que proporciona magnesio quelado con amino\u00e1cidos para apoyar la producci\u00f3n de clorofila, la resistencia al estr\u00e9s y el crecimiento equilibrado de los cultivos.<\/p>\n","protected":false},"featured_media":2394,"template":"","meta":{"_acf_changed":false},"product_brand":[],"product_cat":[86],"product_tag":[],"class_list":{"0":"post-2215","1":"product","2":"type-product","3":"status-publish","4":"has-post-thumbnail","6":"product_cat-nutricion-de-rendimiento","7":"crop-grapes","8":"crop-pome-stone-fruit","9":"crop-pulses","10":"crop-rice","11":"crop-turf-es","12":"crop-vegetables","14":"first","15":"instock","16":"shipping-taxable","17":"product-type-simple"},"acf":[],"_links":{"self":[{"href":"https:\/\/mbfi.bio\/chl\/wp-json\/wp\/v2\/product\/2215","targetHints":{"allow":["GET"]}}],"collection":[{"href":"https:\/\/mbfi.bio\/chl\/wp-json\/wp\/v2\/product"}],"about":[{"href":"https:\/\/mbfi.bio\/chl\/wp-json\/wp\/v2\/types\/product"}],"wp:featuredmedia":[{"embeddable":true,"href":"https:\/\/mbfi.bio\/chl\/wp-json\/wp\/v2\/media\/2394"}],"wp:attachment":[{"href":"https:\/\/mbfi.bio\/chl\/wp-json\/wp\/v2\/media?parent=2215"}],"wp:term":[{"taxonomy":"product_brand","embeddable":true,"href":"https:\/\/mbfi.bio\/chl\/wp-json\/wp\/v2\/product_brand?post=2215"},{"taxonomy":"product_cat","embeddable":true,"href":"https:\/\/mbfi.bio\/chl\/wp-json\/wp\/v2\/product_cat?post=2215"},{"taxonomy":"product_tag","embeddable":true,"href":"https:\/\/mbfi.bio\/chl\/wp-json\/wp\/v2\/product_tag?post=2215"}],"curies":[{"name":"wp","href":"https:\/\/api.w.org\/{rel}","templated":true}]}}