{"id":2791,"date":"2026-01-20T07:55:49","date_gmt":"2026-01-20T07:55:49","guid":{"rendered":"https:\/\/mbfi.bio\/chl\/?page_id=2791"},"modified":"2026-01-21T13:54:57","modified_gmt":"2026-01-21T13:54:57","slug":"perspectivas","status":"publish","type":"page","link":"https:\/\/mbfi.bio\/chl\/perspectivas\/?lang=es","title":{"rendered":"Perspectivas"},"content":{"rendered":"\t\t<div data-elementor-type=\"wp-page\" data-elementor-id=\"2791\" class=\"elementor elementor-2791 elementor-2790\" data-elementor-settings=\"{&quot;element_pack_global_tooltip_width&quot;:{&quot;unit&quot;:&quot;px&quot;,&quot;size&quot;:&quot;&quot;,&quot;sizes&quot;:[]},&quot;element_pack_global_tooltip_width_tablet&quot;:{&quot;unit&quot;:&quot;px&quot;,&quot;size&quot;:&quot;&quot;,&quot;sizes&quot;:[]},&quot;element_pack_global_tooltip_width_mobile&quot;:{&quot;unit&quot;:&quot;px&quot;,&quot;size&quot;:&quot;&quot;,&quot;sizes&quot;:[]},&quot;element_pack_global_tooltip_padding&quot;:{&quot;unit&quot;:&quot;px&quot;,&quot;top&quot;:&quot;&quot;,&quot;right&quot;:&quot;&quot;,&quot;bottom&quot;:&quot;&quot;,&quot;left&quot;:&quot;&quot;,&quot;isLinked&quot;:true},&quot;element_pack_global_tooltip_padding_tablet&quot;:{&quot;unit&quot;:&quot;px&quot;,&quot;top&quot;:&quot;&quot;,&quot;right&quot;:&quot;&quot;,&quot;bottom&quot;:&quot;&quot;,&quot;left&quot;:&quot;&quot;,&quot;isLinked&quot;:true},&quot;element_pack_global_tooltip_padding_mobile&quot;:{&quot;unit&quot;:&quot;px&quot;,&quot;top&quot;:&quot;&quot;,&quot;right&quot;:&quot;&quot;,&quot;bottom&quot;:&quot;&quot;,&quot;left&quot;:&quot;&quot;,&quot;isLinked&quot;:true},&quot;element_pack_global_tooltip_border_radius&quot;:{&quot;unit&quot;:&quot;px&quot;,&quot;top&quot;:&quot;&quot;,&quot;right&quot;:&quot;&quot;,&quot;bottom&quot;:&quot;&quot;,&quot;left&quot;:&quot;&quot;,&quot;isLinked&quot;:true},&quot;element_pack_global_tooltip_border_radius_tablet&quot;:{&quot;unit&quot;:&quot;px&quot;,&quot;top&quot;:&quot;&quot;,&quot;right&quot;:&quot;&quot;,&quot;bottom&quot;:&quot;&quot;,&quot;left&quot;:&quot;&quot;,&quot;isLinked&quot;:true},&quot;element_pack_global_tooltip_border_radius_mobile&quot;:{&quot;unit&quot;:&quot;px&quot;,&quot;top&quot;:&quot;&quot;,&quot;right&quot;:&quot;&quot;,&quot;bottom&quot;:&quot;&quot;,&quot;left&quot;:&quot;&quot;,&quot;isLinked&quot;:true}}\" data-elementor-post-type=\"page\">\n\t\t\t\t<div data-particle_enable=\"false\" data-particle-mobile-disabled=\"false\" class=\"elementor-element elementor-element-04e16c5 e-flex e-con-boxed e-con e-parent\" data-id=\"04e16c5\" data-element_type=\"container\" data-e-type=\"container\" data-settings=\"{&quot;background_background&quot;:&quot;classic&quot;}\">\n\t\t\t\t\t<div class=\"e-con-inner\">\n\t\t\t\t<div class=\"elementor-element elementor-element-91fd564 elementor-widget elementor-widget-heading\" data-id=\"91fd564\" data-element_type=\"widget\" data-e-type=\"widget\" data-widget_type=\"heading.default\">\n\t\t\t\t<div class=\"elementor-widget-container\">\n\t\t\t\t\t<h1 class=\"elementor-heading-title elementor-size-default\">Perspectivas y noticias<\/h1>\t\t\t\t<\/div>\n\t\t\t\t<\/div>\n\t\t\t\t<div class=\"elementor-element elementor-element-50717d8 elementor-widget elementor-widget-spacer\" data-id=\"50717d8\" data-element_type=\"widget\" data-e-type=\"widget\" data-widget_type=\"spacer.default\">\n\t\t\t\t<div class=\"elementor-widget-container\">\n\t\t\t\t\t\t\t<div class=\"elementor-spacer\">\n\t\t\t<div class=\"elementor-spacer-inner\"><\/div>\n\t\t<\/div>\n\t\t\t\t\t\t<\/div>\n\t\t\t\t<\/div>\n\t\t\t\t\t<\/div>\n\t\t\t\t<\/div>\n\t\t<div data-particle_enable=\"false\" data-particle-mobile-disabled=\"false\" class=\"elementor-element elementor-element-e1a6149 e-flex e-con-boxed e-con e-parent\" data-id=\"e1a6149\" data-element_type=\"container\" data-e-type=\"container\">\n\t\t\t\t\t<div class=\"e-con-inner\">\n\t\t<div data-particle_enable=\"false\" data-particle-mobile-disabled=\"false\" class=\"elementor-element elementor-element-37a55d9 e-con-full bg-blur e-flex e-con e-child\" data-id=\"37a55d9\" data-element_type=\"container\" data-e-type=\"container\" data-settings=\"{&quot;background_background&quot;:&quot;classic&quot;}\">\n\t\t<div data-particle_enable=\"false\" data-particle-mobile-disabled=\"false\" class=\"elementor-element elementor-element-81d126a e-con-full e-flex e-con e-child\" data-id=\"81d126a\" data-element_type=\"container\" data-e-type=\"container\">\n\t\t\t\t<div class=\"elementor-element elementor-element-fd87b29 elementor-widget elementor-widget-heading\" data-id=\"fd87b29\" data-element_type=\"widget\" data-e-type=\"widget\" data-widget_type=\"heading.default\">\n\t\t\t\t<div class=\"elementor-widget-container\">\n\t\t\t\t\t<h2 class=\"elementor-heading-title elementor-size-default\">Descubre las \u00faltimas perspectivas del sector<\/h2>\t\t\t\t<\/div>\n\t\t\t\t<\/div>\n\t\t\t\t<\/div>\n\t\t<div data-particle_enable=\"false\" data-particle-mobile-disabled=\"false\" class=\"elementor-element elementor-element-c4a3417 e-con-full e-flex e-con e-child\" data-id=\"c4a3417\" data-element_type=\"container\" data-e-type=\"container\">\n\t\t\t\t<div class=\"elementor-element elementor-element-d212afd elementor-widget elementor-widget-text-editor\" data-id=\"d212afd\" data-element_type=\"widget\" data-e-type=\"widget\" data-widget_type=\"text-editor.default\">\n\t\t\t\t<div class=\"elementor-widget-container\">\n\t\t\t\t\t\t\t\t\t<p>Descubre qu\u00e9 est\u00e1 ocurriendo en la investigaci\u00f3n, los datos de campo y las actualizaciones tecnol\u00f3gicas que est\u00e1n moldeando la agricultura biol\u00f3gica moderna.<\/p>\t\t\t\t\t\t\t\t<\/div>\n\t\t\t\t<\/div>\n\t\t\t\t<\/div>\n\t\t\t\t<\/div>\n\t\t\t\t\t<\/div>\n\t\t\t\t<\/div>\n\t\t<div data-particle_enable=\"false\" data-particle-mobile-disabled=\"false\" class=\"elementor-element elementor-element-0453cd6 e-flex e-con-boxed e-con e-parent\" data-id=\"0453cd6\" data-element_type=\"container\" data-e-type=\"container\">\n\t\t\t\t\t<div class=\"e-con-inner\">\n\t\t\t\t<div class=\"elementor-element elementor-element-b53edaa elementor-widget elementor-widget-bdt-post-grid\" data-id=\"b53edaa\" data-element_type=\"widget\" data-e-type=\"widget\" data-widget_type=\"bdt-post-grid.bdt-paddle\">\n\t\t\t\t<div class=\"elementor-widget-container\">\n\t\t\t\t\t \n\t\t<div id=\"bdt-post-grid-b53edaa\" class=\"bdt-post-grid bdt-post-grid-skin-default\">\n\t  \t\t<div class=\"bdt-grid bdt-grid-small\" data-bdt-grid>\n\n\t\t\t\t\t\t  \t\t\t<div class=\"bdt-width-1-3@m bdt-primary\">\n\t\t\t\t\t\t\t\t<div class=\"bdt-post-grid-item bdt-transition-toggle bdt-position-relative\">\n\n\t\t\t<div class=\"bdt-post-grid-img-wrap bdt-overflow-hidden\">\n\t\t\t\t<a href=\"https:\/\/mbfi.bio\/chl\/the-new-tech-behind-nitrogen-fixing-soybean-inoculants\/\" class=\"bdt-transition-scale-up bdt-background-cover bdt-transition-opaque bdt-flex\" title=\"The New Tech Behind Nitrogen-Fixing Soybean Inoculants\" style=\"background-image: url(https:\/\/mbfi.bio\/chl\/wp-content\/uploads\/sites\/3\/2026\/01\/eric-brehm-McuDoLZyJxw-unsplash-scaled-1.jpg)\">\n  \t\t\t\t<\/a>\n\t\t\t<\/div>\n\t\t\t<div class=\"bdt-custom-overlay bdt-position-cover\"><\/div>\n\n\t\t\t<div class=\"bdt-post-grid-desc bdt-position-medium bdt-position-bottom-left\">\n\n\t\t\t\t<h2 class=\"bdt-post-grid-title\">\n\t\t\t\t<a href=\"https:\/\/mbfi.bio\/chl\/the-new-tech-behind-nitrogen-fixing-soybean-inoculants\/\" class=\"bdt-post-grid-link\" title=\"The New Tech Behind Nitrogen-Fixing Soybean Inoculants\">\n\t\t\t\t\tThe New Tech Behind Nitrogen-Fixing Soybean Inoculants\n\t\t\t\t<\/a>\n\t\t\t<\/h2>\n\t\t\t\t\t\t\t\t\t<div class=\"bdt-post-grid-meta bdt-subnav bdt-flex-inline bdt-flex-middle\">\n\t\t\t\t\t\t\t\t\t\t\t\t<span class=\"bdt-post-grid-date\">January 19, 2026<\/span>\t\t\t\t\t\t\t\t\t\t\t\t\t\t\t\t\t<\/div>\n\t\t\t\t\n\t\t\t\t\t\t\t\t\n\t\t\t<\/div>\n\n\t\t\t\t\t<div class=\"bdt-post-grid-category bdt-position-small bdt-position-top-left\">\n\n\t\t\t<a href=\"https:\/\/mbfi.bio\/chl\/category\/insights\/\">Insights<\/a>\t\t<\/div>\n\t\t\n\t\t<\/div>\n\t\t\t\t\t\t\t<\/div>\n\n\t\t\t\t\t\t  \t\t\t<div class=\"bdt-width-1-3@m bdt-primary\">\n\t\t\t\t\t\t\t\t<div class=\"bdt-post-grid-item bdt-transition-toggle bdt-position-relative\">\n\n\t\t\t<div class=\"bdt-post-grid-img-wrap bdt-overflow-hidden\">\n\t\t\t\t<a href=\"https:\/\/mbfi.bio\/chl\/the-cheapest-ways-to-increase-yield-in-2026\/\" class=\"bdt-transition-scale-up bdt-background-cover bdt-transition-opaque bdt-flex\" title=\"The Cheapest Ways to Increase Yield in 2026\" style=\"background-image: url(https:\/\/mbfi.bio\/chl\/wp-content\/uploads\/sites\/3\/2026\/01\/Seed-treatment.jpg)\">\n  \t\t\t\t<\/a>\n\t\t\t<\/div>\n\t\t\t<div class=\"bdt-custom-overlay bdt-position-cover\"><\/div>\n\n\t\t\t<div class=\"bdt-post-grid-desc bdt-position-medium bdt-position-bottom-left\">\n\n\t\t\t\t<h2 class=\"bdt-post-grid-title\">\n\t\t\t\t<a href=\"https:\/\/mbfi.bio\/chl\/the-cheapest-ways-to-increase-yield-in-2026\/\" class=\"bdt-post-grid-link\" title=\"The Cheapest Ways to Increase Yield in 2026\">\n\t\t\t\t\tThe Cheapest Ways to Increase Yield in 2026\n\t\t\t\t<\/a>\n\t\t\t<\/h2>\n\t\t\t\t\t\t\t\t\t<div class=\"bdt-post-grid-meta bdt-subnav bdt-flex-inline bdt-flex-middle\">\n\t\t\t\t\t\t\t\t\t\t\t\t<span class=\"bdt-post-grid-date\">January 5, 2026<\/span>\t\t\t\t\t\t\t\t\t\t\t\t\t\t\t\t\t<\/div>\n\t\t\t\t\n\t\t\t\t\t\t\t\t\n\t\t\t<\/div>\n\n\t\t\t\t\t<div class=\"bdt-post-grid-category bdt-position-small bdt-position-top-left\">\n\n\t\t\t<a href=\"https:\/\/mbfi.bio\/chl\/category\/insights\/\">Insights<\/a>\t\t<\/div>\n\t\t\n\t\t<\/div>\n\t\t\t\t\t\t\t<\/div>\n\n\t\t\t\t\t\t  \t\t\t<div class=\"bdt-width-1-3@m bdt-primary\">\n\t\t\t\t\t\t\t\t<div class=\"bdt-post-grid-item bdt-transition-toggle bdt-position-relative\">\n\n\t\t\t<div class=\"bdt-post-grid-img-wrap bdt-overflow-hidden\">\n\t\t\t\t<a href=\"https:\/\/mbfi.bio\/chl\/stronger-roots-bigger-yields-why-root-architecture-is-the-hidden-driver-of-performance\/\" class=\"bdt-transition-scale-up bdt-background-cover bdt-transition-opaque bdt-flex\" title=\"Stronger Roots, Bigger Yields: Why Root Architecture Is the Hidden Driver of Performance\" style=\"background-image: url(https:\/\/mbfi.bio\/chl\/wp-content\/uploads\/sites\/3\/2026\/01\/Root-architecture-2.jpg)\">\n  \t\t\t\t<\/a>\n\t\t\t<\/div>\n\t\t\t<div class=\"bdt-custom-overlay bdt-position-cover\"><\/div>\n\n\t\t\t<div class=\"bdt-post-grid-desc bdt-position-medium bdt-position-bottom-left\">\n\n\t\t\t\t<h2 class=\"bdt-post-grid-title\">\n\t\t\t\t<a href=\"https:\/\/mbfi.bio\/chl\/stronger-roots-bigger-yields-why-root-architecture-is-the-hidden-driver-of-performance\/\" class=\"bdt-post-grid-link\" title=\"Stronger Roots, Bigger Yields: Why Root Architecture Is the Hidden Driver of Performance\">\n\t\t\t\t\tStronger Roots, Bigger Yields: Why Root Architecture Is the Hidden Driver of Performance\n\t\t\t\t<\/a>\n\t\t\t<\/h2>\n\t\t\t\t\t\t\t\t\t<div class=\"bdt-post-grid-meta bdt-subnav bdt-flex-inline bdt-flex-middle\">\n\t\t\t\t\t\t\t\t\t\t\t\t<span class=\"bdt-post-grid-date\">December 1, 2025<\/span>\t\t\t\t\t\t\t\t\t\t\t\t\t\t\t\t\t<\/div>\n\t\t\t\t\n\t\t\t\t\t\t\t\t\n\t\t\t<\/div>\n\n\t\t\t\t\t<div class=\"bdt-post-grid-category bdt-position-small bdt-position-top-left\">\n\n\t\t\t<a href=\"https:\/\/mbfi.bio\/chl\/category\/insights\/\">Insights<\/a>\t\t<\/div>\n\t\t\n\t\t<\/div>\n\t\t\t\t\t\t\t<\/div>\n\n\t\t\t\t\t\t  \t\t\t<div class=\"bdt-width-1-3@m bdt-secondary\">\n\t\t\t\t\t\t\t\t<div class=\"bdt-post-grid-item bdt-transition-toggle bdt-position-relative\">\n\n\t\t\t<div class=\"bdt-post-grid-img-wrap bdt-overflow-hidden\">\n\t\t\t\t<a href=\"https:\/\/mbfi.bio\/chl\/biologicals-vs-biostimulants-whats-the-difference\/\" class=\"bdt-transition-scale-up bdt-background-cover bdt-transition-opaque bdt-flex\" title=\"Biologicals vs. Biostimulants: What\u2019s the Difference?\" style=\"background-image: url(https:\/\/mbfi.bio\/chl\/wp-content\/uploads\/sites\/3\/2026\/01\/Biostimulant-vs.-Biological-scaled-1.jpg)\">\n  \t\t\t\t<\/a>\n\t\t\t<\/div>\n\t\t\t<div class=\"bdt-custom-overlay bdt-position-cover\"><\/div>\n\n\t\t\t<div class=\"bdt-post-grid-desc bdt-position-medium bdt-position-bottom-left\">\n\n\t\t\t\t<h2 class=\"bdt-post-grid-title\">\n\t\t\t\t<a href=\"https:\/\/mbfi.bio\/chl\/biologicals-vs-biostimulants-whats-the-difference\/\" class=\"bdt-post-grid-link\" title=\"Biologicals vs. Biostimulants: What\u2019s the Difference?\">\n\t\t\t\t\tBiologicals vs. Biostimulants: What\u2019s the Difference?\n\t\t\t\t<\/a>\n\t\t\t<\/h2>\n\t\t\t\t\t\t\t\t\t<div class=\"bdt-post-grid-meta bdt-subnav bdt-flex-inline bdt-flex-middle\">\n\t\t\t\t\t\t\t\t\t\t\t\t<span class=\"bdt-post-grid-date\">December 1, 2025<\/span>\t\t\t\t\t\t\t\t\t\t\t\t\t\t\t\t\t<\/div>\n\t\t\t\t\n\t\t\t\t\t\t\t\t\n\t\t\t<\/div>\n\n\t\t\t\t\t<div class=\"bdt-post-grid-category bdt-position-small bdt-position-top-left\">\n\n\t\t\t<a href=\"https:\/\/mbfi.bio\/chl\/category\/insights\/\">Insights<\/a>\t\t<\/div>\n\t\t\n\t\t<\/div>\n\t\t\t\t\t\t\t<\/div>\n\n\t\t\t\t\t\t\t<\/div>\n\t\t<\/div>\n\t\n \t\t\t\t\t\t<\/div>\n\t\t\t\t<\/div>\n\t\t\t\t\t<\/div>\n\t\t\t\t<\/div>\n\t\t\t\t<\/div>\n\t\t","protected":false},"excerpt":{"rendered":"<p>Perspectivas y noticias Descubre las \u00faltimas perspectivas del sector Descubre qu\u00e9 est\u00e1 ocurriendo en la investigaci\u00f3n, los datos de campo y las actualizaciones tecnol\u00f3gicas que est\u00e1n moldeando la agricultura biol\u00f3gica moderna. The New Tech Behind Nitrogen-Fixing Soybean Inoculants January 19, 2026 Insights The Cheapest Ways to Increase Yield in 2026 January 5, 2026 Insights Stronger [&hellip;]<\/p>\n","protected":false},"author":2,"featured_media":0,"parent":0,"menu_order":0,"comment_status":"closed","ping_status":"closed","template":"","meta":{"_acf_changed":false,"footnotes":""},"class_list":["post-2791","page","type-page","status-publish","hentry"],"acf":[],"_links":{"self":[{"href":"https:\/\/mbfi.bio\/chl\/wp-json\/wp\/v2\/pages\/2791","targetHints":{"allow":["GET"]}}],"collection":[{"href":"https:\/\/mbfi.bio\/chl\/wp-json\/wp\/v2\/pages"}],"about":[{"href":"https:\/\/mbfi.bio\/chl\/wp-json\/wp\/v2\/types\/page"}],"author":[{"embeddable":true,"href":"https:\/\/mbfi.bio\/chl\/wp-json\/wp\/v2\/users\/2"}],"replies":[{"embeddable":true,"href":"https:\/\/mbfi.bio\/chl\/wp-json\/wp\/v2\/comments?post=2791"}],"version-history":[{"count":5,"href":"https:\/\/mbfi.bio\/chl\/wp-json\/wp\/v2\/pages\/2791\/revisions"}],"predecessor-version":[{"id":3059,"href":"https:\/\/mbfi.bio\/chl\/wp-json\/wp\/v2\/pages\/2791\/revisions\/3059"}],"wp:attachment":[{"href":"https:\/\/mbfi.bio\/chl\/wp-json\/wp\/v2\/media?parent=2791"}],"curies":[{"name":"wp","href":"https:\/\/api.w.org\/{rel}","templated":true}]}}