{"id":576,"date":"2022-08-30T12:56:14","date_gmt":"2022-08-30T12:56:14","guid":{"rendered":"https:\/\/mbfi.bio\/bo\/product\/foundation-pack-soja-ultra\/"},"modified":"2022-10-03T11:58:11","modified_gmt":"2022-10-03T11:58:11","slug":"foundation-pack-soja-ultra","status":"publish","type":"product","link":"https:\/\/mbfi.bio\/bo\/product\/foundation-pack-soja-ultra\/?lang=es","title":{"rendered":"Foundation Pack Soja Premium"},"content":{"rendered":"<p data-padding=\"5px\"><strong>Inoculante:<\/strong> Induct 2 x 2L<br \/>\n<strong>Inoculante:<\/strong> Priority DS 2 x 1kg<br \/>\n<strong>Inoculante:<\/strong> Microphos 2 x 1.5L<br \/>\n<strong>Protector<\/strong>: Bio-Shield 1 x 2.4L<\/p>\n<p><strong>Tratar<\/strong>: 2000 kg<\/p>\n<div class=\"woocommerce columns-3 \"><div class=\"products row row-small large-columns-3 medium-columns-3 small-columns-2\">\n<div class=\"product-small col has-hover product type-product post-569 status-publish first instock product_cat-bio-inducer-inoculants has-post-thumbnail shipping-taxable product-type-simple\">\n\t<div class=\"col-inner\">\n\t\n<div class=\"badge-container absolute left top z-1\">\n<\/div>\n\t<div class=\"product-small box \">\n\t\t<div class=\"box-image\">\n\t\t\t<div class=\"image-fade_in_back\">\n\t\t\t\t<a href=\"https:\/\/mbfi.bio\/bo\/product\/induct-bolivia\/?lang=es\" aria-label=\"Induct\">\n\t\t\t\t\t<img loading=\"lazy\" decoding=\"async\" width=\"300\" height=\"315\" src=\"https:\/\/mbfi.bio\/bo\/wp-content\/uploads\/2021\/10\/Induct-3L-Bolivia-Web-300x315.png\" class=\"attachment-woocommerce_thumbnail size-woocommerce_thumbnail\" alt=\"induct-bolivia\" srcset=\"https:\/\/mbfi.bio\/bo\/wp-content\/uploads\/2021\/10\/Induct-3L-Bolivia-Web-300x315.png 300w, https:\/\/mbfi.bio\/bo\/wp-content\/uploads\/2021\/10\/Induct-3L-Bolivia-Web-285x300.png 285w, https:\/\/mbfi.bio\/bo\/wp-content\/uploads\/2021\/10\/Induct-3L-Bolivia-Web-768x807.png 768w, https:\/\/mbfi.bio\/bo\/wp-content\/uploads\/2021\/10\/Induct-3L-Bolivia-Web-600x631.png 600w, https:\/\/mbfi.bio\/bo\/wp-content\/uploads\/2021\/10\/Induct-3L-Bolivia-Web.png 845w\" sizes=\"auto, (max-width: 300px) 100vw, 300px\" \/>\t\t\t\t<\/a>\n\t\t\t<\/div>\n\t\t\t<div class=\"image-tools is-small top right show-on-hover\">\n\t\t\t\t\t\t\t<\/div>\n\t\t\t<div class=\"image-tools is-small hide-for-small bottom left show-on-hover\">\n\t\t\t\t\t\t\t<\/div>\n\t\t\t<div class=\"image-tools grid-tools text-center hide-for-small bottom hover-slide-in show-on-hover\">\n\t\t\t\t\t\t\t<\/div>\n\t\t\t\t\t<\/div>\n\n\t\t<div class=\"box-text box-text-products text-center grid-style-2\">\n\t\t\t<div class=\"title-wrapper\"><\/div><div class=\"price-wrapper\"><\/div>\t\t<p class=\"box-excerpt is-small\">\n\t\t\tInoculante bacteriano de leguminosas para la efectiva fijaci\u00f3n biol\u00f3gica de nitr\u00f3geno en soja (<em>Glycine max<\/em>)\t\t<\/p>\n\t\t<div class=\"add-to-cart-button\"><a href=\"https:\/\/mbfi.bio\/bo\/product\/induct-bolivia\/?lang=es\" data-quantity=\"1\" class=\"primary is-small mb-0 button product_type_simple is-flat\" data-product_id=\"569\" data-product_sku=\"\" aria-label=\"Read more about &ldquo;Induct&rdquo;\" aria-describedby=\"\" rel=\"nofollow\">Read more<\/a><\/div>\t\t<\/div>\n\t<\/div>\n\t\t<\/div>\n<\/div><div class=\"product-small col has-hover product type-product post-567 status-publish instock product_cat-bio-inducer-inoculants has-post-thumbnail shipping-taxable product-type-simple\">\n\t<div class=\"col-inner\">\n\t\n<div class=\"badge-container absolute left top z-1\">\n<\/div>\n\t<div class=\"product-small box \">\n\t\t<div class=\"box-image\">\n\t\t\t<div class=\"image-fade_in_back\">\n\t\t\t\t<a href=\"https:\/\/mbfi.bio\/bo\/product\/priority-ds-bolivia\/?lang=es\" aria-label=\"Priority DS\">\n\t\t\t\t\t<img loading=\"lazy\" decoding=\"async\" width=\"300\" height=\"352\" src=\"https:\/\/mbfi.bio\/bo\/wp-content\/uploads\/2021\/10\/Priority-DS-1kg-Bolivia-Web-300x352.png\" class=\"attachment-woocommerce_thumbnail size-woocommerce_thumbnail\" alt=\"priority-ds-bolivia\" srcset=\"https:\/\/mbfi.bio\/bo\/wp-content\/uploads\/2021\/10\/Priority-DS-1kg-Bolivia-Web-300x352.png 300w, https:\/\/mbfi.bio\/bo\/wp-content\/uploads\/2021\/10\/Priority-DS-1kg-Bolivia-Web-255x300.png 255w, https:\/\/mbfi.bio\/bo\/wp-content\/uploads\/2021\/10\/Priority-DS-1kg-Bolivia-Web-872x1024.png 872w, https:\/\/mbfi.bio\/bo\/wp-content\/uploads\/2021\/10\/Priority-DS-1kg-Bolivia-Web-768x902.png 768w, https:\/\/mbfi.bio\/bo\/wp-content\/uploads\/2021\/10\/Priority-DS-1kg-Bolivia-Web-600x705.png 600w, https:\/\/mbfi.bio\/bo\/wp-content\/uploads\/2021\/10\/Priority-DS-1kg-Bolivia-Web.png 887w\" sizes=\"auto, (max-width: 300px) 100vw, 300px\" \/>\t\t\t\t<\/a>\n\t\t\t<\/div>\n\t\t\t<div class=\"image-tools is-small top right show-on-hover\">\n\t\t\t\t\t\t\t<\/div>\n\t\t\t<div class=\"image-tools is-small hide-for-small bottom left show-on-hover\">\n\t\t\t\t\t\t\t<\/div>\n\t\t\t<div class=\"image-tools grid-tools text-center hide-for-small bottom hover-slide-in show-on-hover\">\n\t\t\t\t\t\t\t<\/div>\n\t\t\t\t\t<\/div>\n\n\t\t<div class=\"box-text box-text-products text-center grid-style-2\">\n\t\t\t<div class=\"title-wrapper\"><\/div><div class=\"price-wrapper\"><\/div>\t\t<p class=\"box-excerpt is-small\">\n\t\t\tInoculante seco para tratamiento de semillas para diferentes cultivos y aplicaci\u00f3n en tuberculos de papa\t\t<\/p>\n\t\t<div class=\"add-to-cart-button\"><a href=\"https:\/\/mbfi.bio\/bo\/product\/priority-ds-bolivia\/?lang=es\" data-quantity=\"1\" class=\"primary is-small mb-0 button product_type_simple is-flat\" data-product_id=\"567\" data-product_sku=\"\" aria-label=\"Read more about &ldquo;Priority DS&rdquo;\" aria-describedby=\"\" rel=\"nofollow\">Read more<\/a><\/div>\t\t<\/div>\n\t<\/div>\n\t\t<\/div>\n<\/div><div class=\"product-small col has-hover product type-product post-574 status-publish last instock has-post-thumbnail shipping-taxable product-type-simple\">\n\t<div class=\"col-inner\">\n\t\n<div class=\"badge-container absolute left top z-1\">\n<\/div>\n\t<div class=\"product-small box \">\n\t\t<div class=\"box-image\">\n\t\t\t<div class=\"image-fade_in_back\">\n\t\t\t\t<a href=\"https:\/\/mbfi.bio\/bo\/product\/microphos-granos\/?lang=es\" aria-label=\"Microphos Granos\">\n\t\t\t\t\t<img loading=\"lazy\" decoding=\"async\" width=\"300\" height=\"315\" src=\"https:\/\/mbfi.bio\/bo\/wp-content\/uploads\/2021\/10\/Microphos-Granos-1.5-L-Bolivia-Web-300x315.png\" class=\"attachment-woocommerce_thumbnail size-woocommerce_thumbnail\" alt=\"Microphos Granos Bolivia\" srcset=\"https:\/\/mbfi.bio\/bo\/wp-content\/uploads\/2021\/10\/Microphos-Granos-1.5-L-Bolivia-Web-300x315.png 300w, https:\/\/mbfi.bio\/bo\/wp-content\/uploads\/2021\/10\/Microphos-Granos-1.5-L-Bolivia-Web-285x300.png 285w, https:\/\/mbfi.bio\/bo\/wp-content\/uploads\/2021\/10\/Microphos-Granos-1.5-L-Bolivia-Web-768x807.png 768w, https:\/\/mbfi.bio\/bo\/wp-content\/uploads\/2021\/10\/Microphos-Granos-1.5-L-Bolivia-Web-600x631.png 600w, https:\/\/mbfi.bio\/bo\/wp-content\/uploads\/2021\/10\/Microphos-Granos-1.5-L-Bolivia-Web.png 845w\" sizes=\"auto, (max-width: 300px) 100vw, 300px\" \/>\t\t\t\t<\/a>\n\t\t\t<\/div>\n\t\t\t<div class=\"image-tools is-small top right show-on-hover\">\n\t\t\t\t\t\t\t<\/div>\n\t\t\t<div class=\"image-tools is-small hide-for-small bottom left show-on-hover\">\n\t\t\t\t\t\t\t<\/div>\n\t\t\t<div class=\"image-tools grid-tools text-center hide-for-small bottom hover-slide-in show-on-hover\">\n\t\t\t\t\t\t\t<\/div>\n\t\t\t\t\t<\/div>\n\n\t\t<div class=\"box-text box-text-products text-center grid-style-2\">\n\t\t\t<div class=\"title-wrapper\"><\/div><div class=\"price-wrapper\"><\/div>\t\t<p class=\"box-excerpt is-small\">\n\t\t\tInoculante liquido para solubilizacion de fosforo\t\t<\/p>\n\t\t<div class=\"add-to-cart-button\"><a href=\"https:\/\/mbfi.bio\/bo\/product\/microphos-granos\/?lang=es\" data-quantity=\"1\" class=\"primary is-small mb-0 button product_type_simple is-flat\" data-product_id=\"574\" data-product_sku=\"\" aria-label=\"Read more about &ldquo;Microphos Granos&rdquo;\" aria-describedby=\"\" rel=\"nofollow\">Read more<\/a><\/div>\t\t<\/div>\n\t<\/div>\n\t\t<\/div>\n<\/div><div class=\"product-small col has-hover product type-product post-556 status-publish first instock has-post-thumbnail shipping-taxable product-type-simple\">\n\t<div class=\"col-inner\">\n\t\n<div class=\"badge-container absolute left top z-1\">\n<\/div>\n\t<div class=\"product-small box \">\n\t\t<div class=\"box-image\">\n\t\t\t<div class=\"image-fade_in_back\">\n\t\t\t\t<a href=\"https:\/\/mbfi.bio\/bo\/product\/bio-shield\/?lang=es\" aria-label=\"Bio-Shield\">\n\t\t\t\t\t<img loading=\"lazy\" decoding=\"async\" width=\"300\" height=\"315\" src=\"https:\/\/mbfi.bio\/bo\/wp-content\/uploads\/2022\/08\/Bio-Shield-Bolivia-300x315.png\" class=\"attachment-woocommerce_thumbnail size-woocommerce_thumbnail\" alt=\"Bio-Shield Bolivia\" srcset=\"https:\/\/mbfi.bio\/bo\/wp-content\/uploads\/2022\/08\/Bio-Shield-Bolivia-300x315.png 300w, https:\/\/mbfi.bio\/bo\/wp-content\/uploads\/2022\/08\/Bio-Shield-Bolivia-285x300.png 285w, https:\/\/mbfi.bio\/bo\/wp-content\/uploads\/2022\/08\/Bio-Shield-Bolivia-768x807.png 768w, https:\/\/mbfi.bio\/bo\/wp-content\/uploads\/2022\/08\/Bio-Shield-Bolivia-600x631.png 600w, https:\/\/mbfi.bio\/bo\/wp-content\/uploads\/2022\/08\/Bio-Shield-Bolivia.png 845w\" sizes=\"auto, (max-width: 300px) 100vw, 300px\" \/>\t\t\t\t<\/a>\n\t\t\t<\/div>\n\t\t\t<div class=\"image-tools is-small top right show-on-hover\">\n\t\t\t\t\t\t\t<\/div>\n\t\t\t<div class=\"image-tools is-small hide-for-small bottom left show-on-hover\">\n\t\t\t\t\t\t\t<\/div>\n\t\t\t<div class=\"image-tools grid-tools text-center hide-for-small bottom hover-slide-in show-on-hover\">\n\t\t\t\t\t\t\t<\/div>\n\t\t\t\t\t<\/div>\n\n\t\t<div class=\"box-text box-text-products text-center grid-style-2\">\n\t\t\t<div class=\"title-wrapper\"><\/div><div class=\"price-wrapper\"><\/div>\t\t<p class=\"box-excerpt is-small\">\n\t\t\tEs un bioprotector para extender la viabilidad de varios productos biol\u00f3gico\t\t<\/p>\n\t\t<div class=\"add-to-cart-button\"><a href=\"https:\/\/mbfi.bio\/bo\/product\/bio-shield\/?lang=es\" data-quantity=\"1\" class=\"primary is-small mb-0 button product_type_simple is-flat\" data-product_id=\"556\" data-product_sku=\"\" aria-label=\"Read more about &ldquo;Bio-Shield&rdquo;\" aria-describedby=\"\" rel=\"nofollow\">Read more<\/a><\/div>\t\t<\/div>\n\t<\/div>\n\t\t<\/div>\n<\/div><\/div><!-- row --><\/div>\n","protected":false},"excerpt":{"rendered":"<p>El Foundation Pack Soja Premium se ha desarrollado cient\u00edficamente como un completo tratamiento de semillas de Soja.<\/p>\n","protected":false},"featured_media":424,"template":"","meta":[],"product_cat":[22],"product_tag":[],"class_list":["post-576","product","type-product","status-publish","has-post-thumbnail","hentry","product_cat-foundation-packs"],"_links":{"self":[{"href":"https:\/\/mbfi.bio\/bo\/wp-json\/wp\/v2\/product\/576","targetHints":{"allow":["GET"]}}],"collection":[{"href":"https:\/\/mbfi.bio\/bo\/wp-json\/wp\/v2\/product"}],"about":[{"href":"https:\/\/mbfi.bio\/bo\/wp-json\/wp\/v2\/types\/product"}],"wp:featuredmedia":[{"embeddable":true,"href":"https:\/\/mbfi.bio\/bo\/wp-json\/wp\/v2\/media\/424"}],"wp:attachment":[{"href":"https:\/\/mbfi.bio\/bo\/wp-json\/wp\/v2\/media?parent=576"}],"wp:term":[{"taxonomy":"product_cat","embeddable":true,"href":"https:\/\/mbfi.bio\/bo\/wp-json\/wp\/v2\/product_cat?post=576"},{"taxonomy":"product_tag","embeddable":true,"href":"https:\/\/mbfi.bio\/bo\/wp-json\/wp\/v2\/product_tag?post=576"}],"curies":[{"name":"wp","href":"https:\/\/api.w.org\/{rel}","templated":true}]}}