{"id":561,"date":"2022-09-07T13:08:12","date_gmt":"2022-09-07T13:08:12","guid":{"rendered":"https:\/\/mbfi.bio\/bo\/?post_type=product&#038;p=561"},"modified":"2022-10-28T10:07:12","modified_gmt":"2022-10-28T10:07:12","slug":"induct-pro","status":"publish","type":"product","link":"https:\/\/mbfi.bio\/bo\/product\/induct-pro\/?lang=es","title":{"rendered":"Induct Pro"},"content":{"rendered":"<p><strong>Tama\u00f1o de embalaje:<\/strong> 2L<\/p>\n","protected":false},"excerpt":{"rendered":"<p>Inoculante bacteriano de leguminosas para la efectiva fijaci\u00f3n biol\u00f3gica de nitr\u00f3geno en soja (<em>Glycine max<\/em>)<\/p>\n","protected":false},"featured_media":449,"template":"","meta":[],"product_cat":[17],"product_tag":[],"class_list":["post-561","product","type-product","status-publish","has-post-thumbnail","hentry","product_cat-bio-inducer-inoculants"],"_links":{"self":[{"href":"https:\/\/mbfi.bio\/bo\/wp-json\/wp\/v2\/product\/561","targetHints":{"allow":["GET"]}}],"collection":[{"href":"https:\/\/mbfi.bio\/bo\/wp-json\/wp\/v2\/product"}],"about":[{"href":"https:\/\/mbfi.bio\/bo\/wp-json\/wp\/v2\/types\/product"}],"wp:featuredmedia":[{"embeddable":true,"href":"https:\/\/mbfi.bio\/bo\/wp-json\/wp\/v2\/media\/449"}],"wp:attachment":[{"href":"https:\/\/mbfi.bio\/bo\/wp-json\/wp\/v2\/media?parent=561"}],"wp:term":[{"taxonomy":"product_cat","embeddable":true,"href":"https:\/\/mbfi.bio\/bo\/wp-json\/wp\/v2\/product_cat?post=561"},{"taxonomy":"product_tag","embeddable":true,"href":"https:\/\/mbfi.bio\/bo\/wp-json\/wp\/v2\/product_tag?post=561"}],"curies":[{"name":"wp","href":"https:\/\/api.w.org\/{rel}","templated":true}]}}