{"id":551,"date":"2022-09-07T12:32:22","date_gmt":"2022-09-07T12:32:22","guid":{"rendered":"https:\/\/mbfi.bio\/bo\/?page_id=551"},"modified":"2022-09-16T06:52:21","modified_gmt":"2022-09-16T06:52:21","slug":"innovations","status":"publish","type":"page","link":"https:\/\/mbfi.bio\/bo\/innovations\/?lang=es","title":{"rendered":"Innovaciones"},"content":{"rendered":"\n\n  <div class=\"banner has-hover\" id=\"banner-1779429080\">\n          <div class=\"banner-inner fill\">\n        <div class=\"banner-bg fill\" >\n            <div class=\"bg fill bg-fill \"><\/div>\n                                    \n                    <\/div>\n\t\t\n        <div class=\"banner-layers container\">\n            <div class=\"fill banner-link\"><\/div>            \n\n   <div id=\"text-box-1120729605\" class=\"text-box banner-layer x10 md-x50 lg-x50 y70 md-y75 lg-y75 res-text\">\n                                <div class=\"text-box-content text dark\">\n              \n              <div class=\"text-inner text-center\">\n                  \n\n<h1 class=\"uppercase\"><strong>INNOVACIONES<\/strong><\/h1>\n\n              <\/div>\n           <\/div>\n                            \n<style>\n#text-box-1120729605 {\n  width: 60%;\n}\n#text-box-1120729605 .text-box-content {\n  font-size: 100%;\n}\n<\/style>\n    <\/div>\n \n\n        <\/div>\n      <\/div>\n\n            \n<style>\n#banner-1779429080 {\n  padding-top: 369px;\n}\n#banner-1779429080 .bg.bg-loaded {\n  background-image: url(https:\/\/mbfi.bio\/bo\/wp-content\/uploads\/2021\/10\/innovations-1024x219.jpg);\n}\n#banner-1779429080 .ux-shape-divider--top svg {\n  height: 150px;\n  --divider-top-width: 100%;\n}\n#banner-1779429080 .ux-shape-divider--bottom svg {\n  height: 150px;\n  --divider-width: 100%;\n}\n<\/style>\n  <\/div>\n\n\n\t<div id=\"gap-1218823562\" class=\"gap-element clearfix\" style=\"display:block; height:auto;\">\n\t\t\n<style>\n#gap-1218823562 {\n  padding-top: 75px;\n}\n<\/style>\n\t<\/div>\n\t\n\n\t<section class=\"section mbfi-product-banner-wrapper\" id=\"section_198323635\">\n\t\t<div class=\"bg section-bg fill bg-fill  \" >\n\n\t\t\t\n\t\t\t\n\t\t\t\n\n\t\t<\/div>\n\n\t\t\n\n\t\t<div class=\"section-content relative\">\n\t\t\t\n\n<div class=\"row row-collapse row-full-width align-middle align-center\"  id=\"row-452701570\">\n\n\n\t<div id=\"col-555360510\" class=\"col mbfi-banner-skew medium-6 small-12 large-6\"  >\n\t\t\t\t<div class=\"col-inner text-center\" style=\"background-color:rgb(0, 95, 39);\" >\n\t\t\t\n\t\t\t\n\n\t<div class=\"img has-hover mbfi-product-banner-logo skew-rectify x md-x lg-x y md-y lg-y\" id=\"image_464984406\">\n\t\t\t\t\t\t\t\t<div class=\"img-inner dark\" >\n\t\t\t<img loading=\"lazy\" decoding=\"async\" width=\"108\" height=\"87\" src=\"https:\/\/mbfi.bio\/bo\/wp-content\/uploads\/2022\/09\/EPS-Logo-Artwork-Web-1.png\" class=\"attachment-original size-original\" alt=\"EPS Logo\" \/>\t\t\t\t\t\t\n\t\t\t\t\t<\/div>\n\t\t\t\t\t\t\t\t\n<style>\n#image_464984406 {\n  width: 9%;\n}\n<\/style>\n\t<\/div>\n\t\n\n\t<div id=\"text-672756673\" class=\"text skew-rectify\">\n\t\t\n\n<h2>TECNOLOG\u00cdA DE ACTIVACI\u00d3N EPS<\/h2>\n\t\t\n<style>\n#text-672756673 {\n  text-align: center;\n  color: rgb(255,255,255);\n}\n#text-672756673 > * {\n  color: rgb(255,255,255);\n}\n<\/style>\n\t<\/div>\n\t\n\n\t\t<\/div>\n\t\t\t\t\n<style>\n#col-555360510 > .col-inner {\n  padding: 50px 0px 50px 0px;\n}\n<\/style>\n\t<\/div>\n\n\t\n\n\t<div id=\"col-642466109\" class=\"col medium-6 small-12 large-6\"  >\n\t\t\t\t<div class=\"col-inner\"  >\n\t\t\t\n\t\t\t\n\n\n\t\t<\/div>\n\t\t\t\t\t<\/div>\n\n\t\n\n<\/div>\n\n\t\t<\/div>\n\n\t\t\n<style>\n#section_198323635 {\n  padding-top: 0px;\n  padding-bottom: 0px;\n}\n#section_198323635 .section-bg.bg-loaded {\n  background-image: url(https:\/\/mbfi.bio\/bo\/wp-content\/uploads\/2022\/09\/Biofilm_19-1.png);\n}\n#section_198323635 .ux-shape-divider--top svg {\n  height: 150px;\n  --divider-top-width: 100%;\n}\n#section_198323635 .ux-shape-divider--bottom svg {\n  height: 150px;\n  --divider-width: 100%;\n}\n<\/style>\n\t<\/section>\n\t\n\t<section class=\"section\" id=\"section_224495616\">\n\t\t<div class=\"bg section-bg fill bg-fill  bg-loaded\" >\n\n\t\t\t\n\t\t\t\n\t\t\t\n\n\t\t<\/div>\n\n\t\t\n\n\t\t<div class=\"section-content relative\">\n\t\t\t\n\n<div class=\"row\"  id=\"row-1030424473\">\n\n\n\t<div id=\"col-990958692\" class=\"col small-12 large-12\"  >\n\t\t\t\t<div class=\"col-inner\"  >\n\t\t\t\n\t\t\t\n\n<\/p>\n<p>\u2022 Los exopolisac\u00e1ridos (EPS) son pol\u00edmeros extracelulares que se asocian d\u00e9bilmente con la superficie de las c\u00e9lulas del rizobium y se liberan al entorno circundante.<br \/>\n  \u2022 Esta matriz extracelular realiza una amplia gama de funciones que le dan al microorganismo una ventaja ambiental adaptativa.<br \/>\n  \u2022 MBFi ha desarrollado el inoculante Induct Pro que contiene tecnolog\u00eda patentada de activaci\u00f3n de EPS.<\/p>\n\n\t\t<\/div>\n\t\t\t\t\t<\/div>\n\n\t\n\n<\/div>\n\n\t\t<\/div>\n\n\t\t\n<style>\n#section_224495616 {\n  padding-top: 30px;\n  padding-bottom: 30px;\n}\n#section_224495616 .ux-shape-divider--top svg {\n  height: 150px;\n  --divider-top-width: 100%;\n}\n#section_224495616 .ux-shape-divider--bottom svg {\n  height: 150px;\n  --divider-width: 100%;\n}\n<\/style>\n\t<\/section>\n\t\n\n\n\n\n\t<section class=\"section mbfi-product-banner-wrapper\" id=\"section_1129557871\">\n\t\t<div class=\"bg section-bg fill bg-fill  \" >\n\n\t\t\t\n\t\t\t\n\t\t\t\n\n\t\t<\/div>\n\n\t\t\n\n\t\t<div class=\"section-content relative\">\n\t\t\t\n\n<div class=\"row row-collapse row-full-width align-middle align-center\"  id=\"row-2020341557\">\n\n\n\t<div id=\"col-54570971\" class=\"col mbfi-banner-skew medium-6 small-12 large-6\"  >\n\t\t\t\t<div class=\"col-inner text-center\" style=\"background-color:rgb(0, 95, 39);\" >\n\t\t\t\n\t\t\t\n\n\t<div class=\"img has-hover mbfi-product-banner-logo skew-rectify x md-x lg-x y md-y lg-y\" id=\"image_1796654201\">\n\t\t\t\t\t\t\t\t<div class=\"img-inner dark\" >\n\t\t\t<img loading=\"lazy\" decoding=\"async\" width=\"250\" height=\"100\" src=\"https:\/\/mbfi.bio\/bo\/wp-content\/uploads\/2021\/12\/Protein-Defence.png\" class=\"attachment-large size-large\" alt=\"\" \/>\t\t\t\t\t\t\n\t\t\t\t\t<\/div>\n\t\t\t\t\t\t\t\t\n<style>\n#image_1796654201 {\n  width: 100%;\n}\n<\/style>\n\t<\/div>\n\t\n\n\t<div id=\"text-1101472503\" class=\"text skew-rectify\">\n\t\t\n\n<h2>PROTE\u00cdNAS DE DEFENSA<\/h2>\n\t\t\n<style>\n#text-1101472503 {\n  text-align: center;\n  color: rgb(255,255,255);\n}\n#text-1101472503 > * {\n  color: rgb(255,255,255);\n}\n<\/style>\n\t<\/div>\n\t\n\n\t\t<\/div>\n\t\t\t\t\n<style>\n#col-54570971 > .col-inner {\n  padding: 50px 0px 50px 0px;\n}\n<\/style>\n\t<\/div>\n\n\t\n\n\t<div id=\"col-468675558\" class=\"col medium-6 small-12 large-6\"  >\n\t\t\t\t<div class=\"col-inner\"  >\n\t\t\t\n\t\t\t\n\n\n\t\t<\/div>\n\t\t\t\t\t<\/div>\n\n\t\n\n<\/div>\n\n\t\t<\/div>\n\n\t\t\n<style>\n#section_1129557871 {\n  padding-top: 0px;\n  padding-bottom: 0px;\n}\n#section_1129557871 .section-bg.bg-loaded {\n  background-image: url(https:\/\/mbfi.bio\/bo\/wp-content\/uploads\/2021\/12\/Protein-Defence.jpg);\n}\n#section_1129557871 .ux-shape-divider--top svg {\n  height: 150px;\n  --divider-top-width: 100%;\n}\n#section_1129557871 .ux-shape-divider--bottom svg {\n  height: 150px;\n  --divider-width: 100%;\n}\n<\/style>\n\t<\/section>\n\t\n\t<section class=\"section\" id=\"section_1165860133\">\n\t\t<div class=\"bg section-bg fill bg-fill  bg-loaded\" >\n\n\t\t\t\n\t\t\t\n\t\t\t\n\n\t\t<\/div>\n\n\t\t\n\n\t\t<div class=\"section-content relative\">\n\t\t\t\n\n<div class=\"row\"  id=\"row-287605583\">\n\n\n\t<div id=\"col-2079771440\" class=\"col small-12 large-12\"  >\n\t\t\t\t<div class=\"col-inner\"  >\n\t\t\t\n\t\t\t\n\n<p>La supresi\u00f3n de enfermedades por Priority est\u00e1 mediada a trav\u00e9s de varios modos de acci\u00f3n. El ingrediente activo, <i>Trichoderma asperellum<\/i>, produce varias prote\u00ednas llamadas enzimas que est\u00e1n involucradas en la degradaci\u00f3n de las paredes celulares de los hongos fitopat\u00f3genos, la inhibici\u00f3n del crecimiento de los hongos fitopat\u00f3genos, ayudan a <i>Trichoderma<\/i> a colonizar las ra\u00edces de las plantas y desencadenar la resistencia sist\u00e9mica inducida en las plantas.<\/p>\n\n\t\t<\/div>\n\t\t\t\t\t<\/div>\n\n\t\n\n<\/div>\n\n\t\t<\/div>\n\n\t\t\n<style>\n#section_1165860133 {\n  padding-top: 30px;\n  padding-bottom: 30px;\n}\n#section_1165860133 .ux-shape-divider--top svg {\n  height: 150px;\n  --divider-top-width: 100%;\n}\n#section_1165860133 .ux-shape-divider--bottom svg {\n  height: 150px;\n  --divider-width: 100%;\n}\n<\/style>\n\t<\/section>\n\t\n\t<section class=\"section mbfi-product-banner-wrapper\" id=\"section_43324659\">\n\t\t<div class=\"bg section-bg fill bg-fill  \" >\n\n\t\t\t\n\t\t\t\n\t\t\t\n\n\t\t<\/div>\n\n\t\t\n\n\t\t<div class=\"section-content relative\">\n\t\t\t\n\n<div class=\"row row-collapse row-full-width align-middle align-center\"  id=\"row-131045226\">\n\n\n\t<div id=\"col-481143695\" class=\"col mbfi-banner-skew medium-6 small-12 large-6\"  >\n\t\t\t\t<div class=\"col-inner text-center\" style=\"background-color:rgb(0, 95, 39);\" >\n\t\t\t\n\t\t\t\n\n\t<div class=\"img has-hover mbfi-product-banner-logo skew-rectify x md-x lg-x y md-y lg-y\" id=\"image_376242499\">\n\t\t\t\t\t\t\t\t<div class=\"img-inner dark\" >\n\t\t\t<img loading=\"lazy\" decoding=\"async\" width=\"250\" height=\"100\" src=\"https:\/\/mbfi.bio\/bo\/wp-content\/uploads\/2021\/12\/Solid-State-Fermentation.png\" class=\"attachment-large size-large\" alt=\"\" \/>\t\t\t\t\t\t\n\t\t\t\t\t<\/div>\n\t\t\t\t\t\t\t\t\n<style>\n#image_376242499 {\n  width: 100%;\n}\n<\/style>\n\t<\/div>\n\t\n\n\t<div id=\"text-726744825\" class=\"text skew-rectify\">\n\t\t\n\n<h2>FREMENTACI\u00d3N EN ESTADO S\u00d3LIDO  <\/h2>\n\t\t\n<style>\n#text-726744825 {\n  text-align: center;\n  color: rgb(255,255,255);\n}\n#text-726744825 > * {\n  color: rgb(255,255,255);\n}\n<\/style>\n\t<\/div>\n\t\n\n\t\t<\/div>\n\t\t\t\t\n<style>\n#col-481143695 > .col-inner {\n  padding: 50px 0px 50px 0px;\n}\n<\/style>\n\t<\/div>\n\n\t\n\n\t<div id=\"col-143027821\" class=\"col medium-6 small-12 large-6\"  >\n\t\t\t\t<div class=\"col-inner\"  >\n\t\t\t\n\t\t\t\n\n\n\t\t<\/div>\n\t\t\t\t\t<\/div>\n\n\t\n\n<\/div>\n\n\t\t<\/div>\n\n\t\t\n<style>\n#section_43324659 {\n  padding-top: 0px;\n  padding-bottom: 0px;\n}\n#section_43324659 .section-bg.bg-loaded {\n  background-image: url(https:\/\/mbfi.bio\/bo\/wp-content\/uploads\/2022\/09\/SSF.png);\n}\n#section_43324659 .ux-shape-divider--top svg {\n  height: 150px;\n  --divider-top-width: 100%;\n}\n#section_43324659 .ux-shape-divider--bottom svg {\n  height: 150px;\n  --divider-width: 100%;\n}\n<\/style>\n\t<\/section>\n\t\n\t<section class=\"section\" id=\"section_783066038\">\n\t\t<div class=\"bg section-bg fill bg-fill  bg-loaded\" >\n\n\t\t\t\n\t\t\t\n\t\t\t\n\n\t\t<\/div>\n\n\t\t\n\n\t\t<div class=\"section-content relative\">\n\t\t\t\n\n<div class=\"row\"  id=\"row-765089198\">\n\n\n\t<div id=\"col-409871316\" class=\"col small-12 large-12\"  >\n\t\t\t\t<div class=\"col-inner\"  >\n\t\t\t\n\t\t\t\n\n<p>En MBFi utilizamos la fermentaci\u00f3n en estado s\u00f3lido (SSF) para producir esporas de <i>Trichoderma asperellum<\/i> de alta calidad. SSF es un m\u00e9todo alternativo a la fermentaci\u00f3n sumergida (SmF) para producir esporas de hongos y metabolitos secundarios. SSF posee varias ventajas biotecnol\u00f3gicas sobre SmF, como una mayor productividad de fermentaci\u00f3n, una productividad volum\u00e9trica superior de metabolitos secundarios (enzimas, etc.), una mayor concentraci\u00f3n del producto final para facilitar la recuperaci\u00f3n y una mayor estabilidad del producto.<\/p>\n\n\t\t<\/div>\n\t\t\t\t\t<\/div>\n\n\t\n\n<\/div>\n\n\t\t<\/div>\n\n\t\t\n<style>\n#section_783066038 {\n  padding-top: 30px;\n  padding-bottom: 30px;\n}\n#section_783066038 .ux-shape-divider--top svg {\n  height: 150px;\n  --divider-top-width: 100%;\n}\n#section_783066038 .ux-shape-divider--bottom svg {\n  height: 150px;\n  --divider-width: 100%;\n}\n<\/style>\n\t<\/section>\n\t\n\t<section class=\"section mbfi-product-banner-wrapper\" id=\"section_999051283\">\n\t\t<div class=\"bg section-bg fill bg-fill  \" >\n\n\t\t\t\n\t\t\t\n\t\t\t\n\n\t\t<\/div>\n\n\t\t\n\n\t\t<div class=\"section-content relative\">\n\t\t\t\n\n<div class=\"row row-collapse row-full-width align-middle align-center\"  id=\"row-332460554\">\n\n\n\t<div id=\"col-1552004440\" class=\"col mbfi-banner-skew medium-6 small-12 large-6\"  >\n\t\t\t\t<div class=\"col-inner text-center\" style=\"background-color:rgb(0, 95, 39);\" >\n\t\t\t\n\t\t\t\n\n\t<div class=\"img has-hover mbfi-product-banner-logo skew-rectify x md-x lg-x y md-y lg-y\" id=\"image_1016133625\">\n\t\t\t\t\t\t\t\t<div class=\"img-inner dark\" >\n\t\t\t<img loading=\"lazy\" decoding=\"async\" width=\"250\" height=\"100\" src=\"https:\/\/mbfi.bio\/bo\/wp-content\/uploads\/2021\/12\/Genetic-Expression-Technology.png\" class=\"attachment-large size-large\" alt=\"\" \/>\t\t\t\t\t\t\n\t\t\t\t\t<\/div>\n\t\t\t\t\t\t\t\t\n<style>\n#image_1016133625 {\n  width: 100%;\n}\n<\/style>\n\t<\/div>\n\t\n\n\t<div id=\"text-2034667909\" class=\"text skew-rectify\">\n\t\t\n\n<h2>TECNOLOG\u00cdA DE EXPRESI\u00d3N GEN\u00c9TICA  <\/h2>\n\t\t\n<style>\n#text-2034667909 {\n  text-align: center;\n  color: rgb(255,255,255);\n}\n#text-2034667909 > * {\n  color: rgb(255,255,255);\n}\n<\/style>\n\t<\/div>\n\t\n\n\t\t<\/div>\n\t\t\t\t\n<style>\n#col-1552004440 > .col-inner {\n  padding: 50px 0px 50px 0px;\n}\n<\/style>\n\t<\/div>\n\n\t\n\n\t<div id=\"col-1571028787\" class=\"col medium-6 small-12 large-6\"  >\n\t\t\t\t<div class=\"col-inner\"  >\n\t\t\t\n\t\t\t\n\n\n\t\t<\/div>\n\t\t\t\t\t<\/div>\n\n\t\n\n<\/div>\n\n\t\t<\/div>\n\n\t\t\n<style>\n#section_999051283 {\n  padding-top: 0px;\n  padding-bottom: 0px;\n}\n#section_999051283 .section-bg.bg-loaded {\n  background-image: url(https:\/\/mbfi.bio\/bo\/wp-content\/uploads\/2021\/12\/GET-Technology.jpg);\n}\n#section_999051283 .ux-shape-divider--top svg {\n  height: 150px;\n  --divider-top-width: 100%;\n}\n#section_999051283 .ux-shape-divider--bottom svg {\n  height: 150px;\n  --divider-width: 100%;\n}\n<\/style>\n\t<\/section>\n\t\n\t<section class=\"section\" id=\"section_31753914\">\n\t\t<div class=\"bg section-bg fill bg-fill  bg-loaded\" >\n\n\t\t\t\n\t\t\t\n\t\t\t\n\n\t\t<\/div>\n\n\t\t\n\n\t\t<div class=\"section-content relative\">\n\t\t\t\n\n<div class=\"row\"  id=\"row-1185043976\">\n\n\n\t<div id=\"col-989978272\" class=\"col small-12 large-12\"  >\n\t\t\t\t<div class=\"col-inner\"  >\n\t\t\t\n\t\t\t\n\n<p>GET &#8211; La Tecnolog\u00eda de Expresi\u00f3n gen\u00e9tica es un enfoque cient\u00edfico complejo que consiste en bioestimulantes en cantidades investigadas y formuladas,  mezcladas con los micro y macro nutrientes complementarios  que las plantas necesitar\u00e1n en ciertas etapas de crecimiento. Ciertos nutrientes son esenciales para la expresi\u00f3n gen\u00e9tica, por ejemplo, las prote\u00ednas con zinc que pueden controlar la expresi\u00f3n de ciertos genes presentes de forma natural en la planta. La etapa de crecimiento del cultivo y el ambiente en el campo determinar\u00e1n el producto a utilizar en un programa. Durante la etapa vegetativa, debe asegurarse de que su planta est\u00e9 equilibrada y eliminar todo el estr\u00e9s manejable para mantener una tasa de crecimiento \u00f3ptima y una base s\u00f3lida para la etapa reproductiva. Durante la etapa reproductiva, se debe hacer que la planta maneje el estr\u00e9s de la floraci\u00f3n y, en \u00faltima instancia, la formaci\u00f3n de semillas o frutos. Se busca maximizar la capacidad de la planta para ser reproductiva y expresar las funciones de rendimiento en la planta.<\/p>\n\n\t\t<\/div>\n\t\t\t\t\t<\/div>\n\n\t\n\n<\/div>\n\n\t\t<\/div>\n\n\t\t\n<style>\n#section_31753914 {\n  padding-top: 30px;\n  padding-bottom: 30px;\n}\n#section_31753914 .ux-shape-divider--top svg {\n  height: 150px;\n  --divider-top-width: 100%;\n}\n#section_31753914 .ux-shape-divider--bottom svg {\n  height: 150px;\n  --divider-width: 100%;\n}\n<\/style>\n\t<\/section>\n\t\n\n\n\n\n\n\n\t<section class=\"section mbfi-product-banner-wrapper\" id=\"section_1511659477\">\n\t\t<div class=\"bg section-bg fill bg-fill  \" >\n\n\t\t\t\n\t\t\t\n\t\t\t\n\n\t\t<\/div>\n\n\t\t\n\n\t\t<div class=\"section-content relative\">\n\t\t\t\n\n<div class=\"row row-collapse row-full-width align-middle align-center\"  id=\"row-1597976284\">\n\n\n\t<div id=\"col-1604103416\" class=\"col mbfi-banner-skew medium-6 small-12 large-6\"  >\n\t\t\t\t<div class=\"col-inner text-center\" style=\"background-color:rgb(0, 95, 39);\" >\n\t\t\t\n\t\t\t\n\n\t<div class=\"img has-hover mbfi-product-banner-logo skew-rectify x md-x lg-x y md-y lg-y\" id=\"image_713345897\">\n\t\t\t\t\t\t\t\t<div class=\"img-inner dark\" >\n\t\t\t<img loading=\"lazy\" decoding=\"async\" width=\"250\" height=\"100\" src=\"https:\/\/mbfi.bio\/bo\/wp-content\/uploads\/2021\/12\/Bacilluus-.png\" class=\"attachment-large size-large\" alt=\"\" \/>\t\t\t\t\t\t\n\t\t\t\t\t<\/div>\n\t\t\t\t\t\t\t\t\n<style>\n#image_713345897 {\n  width: 100%;\n}\n<\/style>\n\t<\/div>\n\t\n\n\t<div id=\"text-2423481190\" class=\"text skew-rectify\">\n\t\t\n\n<h2>producci\u00f3n de bacilo<\/h2>\n\n\t\t\n<style>\n#text-2423481190 {\n  text-align: center;\n  color: rgb(255,255,255);\n}\n#text-2423481190 > * {\n  color: rgb(255,255,255);\n}\n<\/style>\n\t<\/div>\n\t\n\n\t\t<\/div>\n\t\t\t\t\n<style>\n#col-1604103416 > .col-inner {\n  padding: 50px 0px 50px 0px;\n}\n<\/style>\n\t<\/div>\n\n\t\n\n\t<div id=\"col-902382466\" class=\"col medium-6 small-12 large-6\"  >\n\t\t\t\t<div class=\"col-inner\"  >\n\t\t\t\n\t\t\t\n\n\n\t\t<\/div>\n\t\t\t\t\t<\/div>\n\n\t\n\n<\/div>\n\n\t\t<\/div>\n\n\t\t\n<style>\n#section_1511659477 {\n  padding-top: 0px;\n  padding-bottom: 0px;\n}\n#section_1511659477 .section-bg.bg-loaded {\n  background-image: url(https:\/\/mbfi.bio\/bo\/wp-content\/uploads\/2021\/12\/Bacillus-Production-1.jpg);\n}\n#section_1511659477 .ux-shape-divider--top svg {\n  height: 150px;\n  --divider-top-width: 100%;\n}\n#section_1511659477 .ux-shape-divider--bottom svg {\n  height: 150px;\n  --divider-width: 100%;\n}\n<\/style>\n\t<\/section>\n\t\n\t<section class=\"section\" id=\"section_1406950575\">\n\t\t<div class=\"bg section-bg fill bg-fill  bg-loaded\" >\n\n\t\t\t\n\t\t\t\n\t\t\t\n\n\t\t<\/div>\n\n\t\t\n\n\t\t<div class=\"section-content relative\">\n\t\t\t\n\n<div class=\"row\"  id=\"row-461492193\">\n\n\n\t<div id=\"col-121753374\" class=\"col small-12 large-12\"  >\n\t\t\t\t<div class=\"col-inner\"  >\n\t\t\t\n\t\t\t\n\n<p><i>Bacillus<\/i> es uno de los g\u00e9neros bacterianos m\u00e1s resistentes cuando est\u00e1 en estado latente, conocido como endosporas. En MBFi hacemos uso de un proceso de fermentaci\u00f3n l\u00edquida especializado que asegura que la mayor\u00eda de las c\u00e9lulas vegetativas que se producen se conviertan en endosporas altamente resistentes. El medio de crecimiento y el proceso de producci\u00f3n  se desarrollaron especialmente para permitir una mayor producci\u00f3n de una gama de compuestos bioactivos, lo que da como resultado un producto que no solo es competitivo en condiciones ambientales adversas, sino que tambi\u00e9n tiene capacidades excepcionales de biocontrol.<\/p>\n\n\t\t<\/div>\n\t\t\t\t\t<\/div>\n\n\t\n\n<\/div>\n\n\t\t<\/div>\n\n\t\t\n<style>\n#section_1406950575 {\n  padding-top: 30px;\n  padding-bottom: 30px;\n}\n#section_1406950575 .ux-shape-divider--top svg {\n  height: 150px;\n  --divider-top-width: 100%;\n}\n#section_1406950575 .ux-shape-divider--bottom svg {\n  height: 150px;\n  --divider-width: 100%;\n}\n<\/style>\n\t<\/section>\n\t\n\n","protected":false},"excerpt":{"rendered":"","protected":false},"author":2,"featured_media":0,"parent":0,"menu_order":0,"comment_status":"closed","ping_status":"closed","template":"page-transparent-header-light.php","meta":{"footnotes":""},"class_list":["post-551","page","type-page","status-publish","hentry"],"_links":{"self":[{"href":"https:\/\/mbfi.bio\/bo\/wp-json\/wp\/v2\/pages\/551","targetHints":{"allow":["GET"]}}],"collection":[{"href":"https:\/\/mbfi.bio\/bo\/wp-json\/wp\/v2\/pages"}],"about":[{"href":"https:\/\/mbfi.bio\/bo\/wp-json\/wp\/v2\/types\/page"}],"author":[{"embeddable":true,"href":"https:\/\/mbfi.bio\/bo\/wp-json\/wp\/v2\/users\/2"}],"replies":[{"embeddable":true,"href":"https:\/\/mbfi.bio\/bo\/wp-json\/wp\/v2\/comments?post=551"}],"version-history":[{"count":8,"href":"https:\/\/mbfi.bio\/bo\/wp-json\/wp\/v2\/pages\/551\/revisions"}],"predecessor-version":[{"id":658,"href":"https:\/\/mbfi.bio\/bo\/wp-json\/wp\/v2\/pages\/551\/revisions\/658"}],"wp:attachment":[{"href":"https:\/\/mbfi.bio\/bo\/wp-json\/wp\/v2\/media?parent=551"}],"curies":[{"name":"wp","href":"https:\/\/api.w.org\/{rel}","templated":true}]}}