{"id":546,"date":"2022-09-07T12:17:54","date_gmt":"2022-09-07T12:17:54","guid":{"rendered":"https:\/\/mbfi.bio\/bo\/?page_id=546"},"modified":"2025-03-18T12:21:56","modified_gmt":"2025-03-18T12:21:56","slug":"about-us","status":"publish","type":"page","link":"https:\/\/mbfi.bio\/bo\/about-us\/?lang=es","title":{"rendered":"Sobre Nosotros"},"content":{"rendered":"\n\n  <div class=\"banner has-hover\" id=\"banner-1942354778\">\n          <div class=\"banner-inner fill\">\n        <div class=\"banner-bg fill\" >\n            <div class=\"bg fill bg-fill \"><\/div>\n                        <div class=\"overlay\"><\/div>            \n                    <\/div>\n\t\t\n        <div class=\"banner-layers container\">\n            <div class=\"fill banner-link\"><\/div>            \n\n   <div id=\"text-box-1031243732\" class=\"text-box banner-layer x50 md-x50 lg-x50 y50 md-y50 lg-y50 res-text\">\n                                <div class=\"text-box-content text dark\">\n              \n              <div class=\"text-inner text-center\">\n                  \n\n\t<div id=\"text-3646145873\" class=\"text\">\n\t\t\n\n<h1 class=\"uppercase\">SOBRE NOSOTROS<\/h1>\n\t\t\n<style>\n#text-3646145873 {\n  font-size: 0.75rem;\n}\n<\/style>\n\t<\/div>\n\t\n\n              <\/div>\n           <\/div>\n                            \n<style>\n#text-box-1031243732 {\n  width: 73%;\n}\n#text-box-1031243732 .text-box-content {\n  font-size: 100%;\n}\n@media (min-width:550px) {\n  #text-box-1031243732 {\n    width: 60%;\n  }\n}\n<\/style>\n    <\/div>\n \n\n        <\/div>\n      <\/div>\n\n            \n<style>\n#banner-1942354778 {\n  padding-top: 350px;\n}\n#banner-1942354778 .bg.bg-loaded {\n  background-image: url(https:\/\/mbfi.bio\/bo\/wp-content\/uploads\/2021\/10\/about_us_banner-1024x219.jpg);\n}\n#banner-1942354778 .overlay {\n  background-color: rgba(0, 0, 0, 0.203);\n}\n#banner-1942354778 .ux-shape-divider--top svg {\n  height: 150px;\n  --divider-top-width: 100%;\n}\n#banner-1942354778 .ux-shape-divider--bottom svg {\n  height: 150px;\n  --divider-width: 100%;\n}\n<\/style>\n  <\/div>\n\n\n\t<section class=\"section\" id=\"section_654082675\">\n\t\t<div class=\"bg section-bg fill bg-fill  bg-loaded\" >\n\n\t\t\t\n\t\t\t\n\t\t\t\n\n\t\t<\/div>\n\n\t\t\n\n\t\t<div class=\"section-content relative\">\n\t\t\t\n\n<div class=\"row\"  id=\"row-157169856\">\n\n\n\t<div id=\"col-1810023429\" class=\"col small-12 large-12\"  >\n\t\t\t\t<div class=\"col-inner\"  >\n\t\t\t\n\t\t\t\n\n\t<div id=\"text-2484010016\" class=\"text\">\n\t\t\n\n<h2>Quienes Somos<\/h2>\n<p>MBFi: Microbial Biological Fertilizers International, fundada en 2003, es una empresa de tecnolog\u00eda agr\u00edcola multinacional de Sud\u00e1frica. Nuestra empresa se especializa en la fabricaci\u00f3n de bioestimulantes y productos biol\u00f3gicos.<\/p>\n<p>MBFi es una empresa familiar y nos enorgullecemos del respeto y el honor, y creemos que son las personas y el personal, creativos e inspiradores con los que nos hemos rodeado los que han hecho de MBFi el negocio que es hoy.<\/p>\n<p>Como fabricante de productos agr\u00edcolas, MBFI se compromete a suministrar productos de la mejor calidad, con el asesoramiento profesional de nuestro diverso equipo y con los conocimientos y experiencia de todo el personal.<\/p>\n<p>MBFi se dedica a contribuir a la industria agr\u00edcola proporcionando excelencia a trav\u00e9s de la calidad. Como profesionales, somos conscientes de la importancia de desarrollar s\u00f3lidas relaciones de trabajo con nuestros agricultores, distribuidores, investigadores, proveedores y personal, y nos esforzaremos por brindar excelencia a todos, a fin de fortalecer y desarrollar estas relaciones. Junto con el crecimiento de relaciones s\u00f3lidas, el desarrollo de habilidades, la investigaci\u00f3n, el desarrollo y la fabricaci\u00f3n de productos excepcionales, creemos que MBFi seguir\u00e1 creciendo como empresa tanto a nivel local como internacional.<\/p>\n\t\t\n<style>\n#text-2484010016 {\n  text-align: center;\n}\n<\/style>\n\t<\/div>\n\t\n\n\t\t<\/div>\n\t\t\t\t\t<\/div>\n\n\t\n\n<\/div>\n\n\t\t<\/div>\n\n\t\t\n<style>\n#section_654082675 {\n  padding-top: 30px;\n  padding-bottom: 30px;\n}\n#section_654082675 .ux-shape-divider--top svg {\n  height: 150px;\n  --divider-top-width: 100%;\n}\n#section_654082675 .ux-shape-divider--bottom svg {\n  height: 150px;\n  --divider-width: 100%;\n}\n<\/style>\n\t<\/section>\n\t\n\t<div id=\"stack-3701094307\" class=\"stack stack-row justify-center items-center\">\n\t\t\n\n<a href=\"https:\/\/youtu.be\/EAT-A_VeTg0\" target=\"_self\" class=\"button primary\"  >\n    <span>Mira nuestro video<\/span>\n  <\/a>\n\n\n\n\t\t\n<style>\n#stack-3701094307 > * {\n  --stack-gap: 0rem;\n}\n<\/style>\n\t<\/div>\n\t\n\n","protected":false},"excerpt":{"rendered":"","protected":false},"author":2,"featured_media":0,"parent":0,"menu_order":0,"comment_status":"closed","ping_status":"closed","template":"page-transparent-header-light.php","meta":{"footnotes":""},"class_list":["post-546","page","type-page","status-publish","hentry"],"_links":{"self":[{"href":"https:\/\/mbfi.bio\/bo\/wp-json\/wp\/v2\/pages\/546","targetHints":{"allow":["GET"]}}],"collection":[{"href":"https:\/\/mbfi.bio\/bo\/wp-json\/wp\/v2\/pages"}],"about":[{"href":"https:\/\/mbfi.bio\/bo\/wp-json\/wp\/v2\/types\/page"}],"author":[{"embeddable":true,"href":"https:\/\/mbfi.bio\/bo\/wp-json\/wp\/v2\/users\/2"}],"replies":[{"embeddable":true,"href":"https:\/\/mbfi.bio\/bo\/wp-json\/wp\/v2\/comments?post=546"}],"version-history":[{"count":5,"href":"https:\/\/mbfi.bio\/bo\/wp-json\/wp\/v2\/pages\/546\/revisions"}],"predecessor-version":[{"id":681,"href":"https:\/\/mbfi.bio\/bo\/wp-json\/wp\/v2\/pages\/546\/revisions\/681"}],"wp:attachment":[{"href":"https:\/\/mbfi.bio\/bo\/wp-json\/wp\/v2\/media?parent=546"}],"curies":[{"name":"wp","href":"https:\/\/api.w.org\/{rel}","templated":true}]}}